{"id":76,"date":"2021-03-12T13:21:34","date_gmt":"2021-03-12T12:21:34","guid":{"rendered":"http:\/\/nathalie-ribaud-medium.fr\/?page_id=76"},"modified":"2021-08-25T11:35:44","modified_gmt":"2021-08-25T09:35:44","slug":"qui-suis-je","status":"publish","type":"page","link":"https:\/\/nathalie-ribaud-medium.fr\/?page_id=76","title":{"rendered":"Qui suis-je ?"},"content":{"rendered":"\n<div class=\"wp-block-media-text alignwide is-stacked-on-mobile\" style=\"grid-template-columns:29% auto\"><figure class=\"wp-block-media-text__media\"><img loading=\"lazy\" decoding=\"async\" width=\"700\" height=\"906\" src=\"https:\/\/nathalie-ribaud-medium.fr\/wp-content\/uploads\/2021\/06\/Image1-1.png\" alt=\"\" class=\"wp-image-219 size-full\" srcset=\"https:\/\/nathalie-ribaud-medium.fr\/wp-content\/uploads\/2021\/06\/Image1-1.png 700w, https:\/\/nathalie-ribaud-medium.fr\/wp-content\/uploads\/2021\/06\/Image1-1-232x300.png 232w\" sizes=\"(max-width: 700px) 100vw, 700px\" \/><\/figure><div class=\"wp-block-media-text__content\">\n<p class=\"has-vivid-purple-color has-white-background-color has-text-color has-background\" style=\"font-size:17px\">Passionn\u00e9e par l&rsquo;\u00eatre humain et son fonctionnement, je me suis form\u00e9e il y a 12 ans au massage traditionnel Ayurv\u00e9dique.<\/p>\n\n\n\n<p class=\"has-vivid-purple-color has-white-background-color has-text-color has-background\" style=\"font-size:17px\">J&rsquo; ai compris l&rsquo;importance de consid\u00e9rer chaque personne comme un \u00eatre unique et de l&rsquo;accompagner dans sa globalit\u00e9.<\/p>\n\n\n\n<p class=\"has-vivid-purple-color has-text-color\"><\/p>\n\n\n\n<p class=\"has-light-green-cyan-background-color has-background\">Mon parcours initiatique s&rsquo;est enrichi par une exp\u00e9rience qui a dur\u00e9e 3 ans en tant qu&rsquo;intervenante au sein du H.A.D (H\u00f4pital \u00e0 domicile) de Lorient o\u00f9 j&rsquo;ai pu masser des personnes en soins palliatifs. Ce furent des moments de partage tr\u00e8s riches en enseignement de la vie.<\/p>\n\n\n\n<p class=\"has-vivid-red-color has-white-background-color has-text-color has-background\">j&rsquo;ai crois\u00e9 de magnifiques personnes qui m&rsquo;ont donn\u00e9 envie de me former \u00e0 nouveau pour acqu\u00e9rir de nouveaux outils d&rsquo;aide \u00e0 la personne : la num\u00e9rologie,la psychog\u00e9n\u00e9alogie, le tarot de Marseille qui offrent tellement de regards diff\u00e9rents sur nos vies.<\/p>\n\n\n\n<p class=\"has-pale-pink-background-color has-background\">Tout au long de ce parcours, j&rsquo;ai accueilli la m\u00e9diumnit\u00e9 qui \u00e9tait pr\u00e9sente en moi depuis bien longtemps et dont je n&rsquo;avais pas conscience.<\/p>\n\n\n\n<p class=\"has-vivid-green-cyan-color has-white-background-color has-text-color has-background\">Aujourd&rsquo;hui, il me tient \u00e0 c\u0153ur de semer les graines sur mon chemin pour offrir le maximum d&rsquo;outils d&rsquo;ouverture de conscience. C&rsquo;est pour cela que j&rsquo;ai cr\u00e9\u00e9 un salon du mieux-\u00eatre et de la nature \u00ab\u00a0Entre Terre &amp; Ciel\u00a0\u00bb qui a lieu chaque mois de mars \u00e0 Quimperl\u00e9.<\/p>\n<\/div><\/div>\n","protected":false},"excerpt":{"rendered":"<p>Passionn\u00e9e par l&rsquo;\u00eatre humain et son fonctionnement, je me suis form\u00e9e il y a 12 ans au massage traditionnel Ayurv\u00e9dique. J&rsquo; ai compris l&rsquo;importance de consid\u00e9rer chaque personne comme un \u00eatre unique et de l&rsquo;accompagner dans sa globalit\u00e9. Mon parcours initiatique s&rsquo;est enrichi par une exp\u00e9rience qui a dur\u00e9e 3 ans en tant qu&rsquo;intervenante au [&hellip;]<\/p>\n","protected":false},"author":1,"featured_media":0,"parent":0,"menu_order":0,"comment_status":"closed","ping_status":"closed","template":"","meta":{"footnotes":""},"_links":{"self":[{"href":"https:\/\/nathalie-ribaud-medium.fr\/index.php?rest_route=\/wp\/v2\/pages\/76"}],"collection":[{"href":"https:\/\/nathalie-ribaud-medium.fr\/index.php?rest_route=\/wp\/v2\/pages"}],"about":[{"href":"https:\/\/nathalie-ribaud-medium.fr\/index.php?rest_route=\/wp\/v2\/types\/page"}],"author":[{"embeddable":true,"href":"https:\/\/nathalie-ribaud-medium.fr\/index.php?rest_route=\/wp\/v2\/users\/1"}],"replies":[{"embeddable":true,"href":"https:\/\/nathalie-ribaud-medium.fr\/index.php?rest_route=%2Fwp%2Fv2%2Fcomments&post=76"}],"version-history":[{"count":7,"href":"https:\/\/nathalie-ribaud-medium.fr\/index.php?rest_route=\/wp\/v2\/pages\/76\/revisions"}],"predecessor-version":[{"id":261,"href":"https:\/\/nathalie-ribaud-medium.fr\/index.php?rest_route=\/wp\/v2\/pages\/76\/revisions\/261"}],"wp:attachment":[{"href":"https:\/\/nathalie-ribaud-medium.fr\/index.php?rest_route=%2Fwp%2Fv2%2Fmedia&parent=76"}],"curies":[{"name":"wp","href":"https:\/\/api.w.org\/{rel}","templated":true}]}}